{"id":5422,"date":"2025-02-19T18:33:29","date_gmt":"2025-02-19T18:33:29","guid":{"rendered":"https:\/\/www.eleniscollection.com\/?post_type=product&#038;p=5422"},"modified":"2026-01-29T04:45:55","modified_gmt":"2026-01-29T04:45:55","slug":"uclu-baget-tasli-gumus-kolye","status":"publish","type":"product","link":"https:\/\/www.eleniscollection.com\/de\/uclu-baget-tasli-gumus-kolye\/","title":{"rendered":"Silberne Halskette mit dreifachem Baguettestein"},"content":{"rendered":"<p>Baget kesim ta\u015flar\u0131n zarif bir \u00e7er\u00e7eve ile bulu\u015ftu\u011fu \u00dc\u00e7l\u00fc Baget Ta\u015fl\u0131 G\u00fcm\u00fc\u015f Kolye, modern tasar\u0131m\u0131 ve \u0131\u015f\u0131lt\u0131l\u0131 detaylar\u0131yla stilinizi tamaml\u0131yor. \u0130nce i\u015f\u00e7ili\u011fi ve parlak ta\u015flar\u0131 sayesinde hem g\u00fcnl\u00fck kullan\u0131ma hem de \u00f6zel davetlere uyum sa\u011flar. Kendinize veya sevdiklerinize zarif bir hediye olarak tercih edebilece\u011finiz bu kolye, her an\u0131n\u0131zda stilinizi yans\u0131t\u0131r.<\/p>","protected":false},"excerpt":{"rendered":"<p>Baget kesim ta\u015flar\u0131n zarif bir \u00e7er\u00e7eve ile bulu\u015ftu\u011fu \u00dc\u00e7l\u00fc Baget Ta\u015fl\u0131 G\u00fcm\u00fc\u015f Kolye, modern tasar\u0131m\u0131 ve \u0131\u015f\u0131lt\u0131l\u0131 detaylar\u0131yla stilinizi tamaml\u0131yor. \u0130nce i\u015f\u00e7ili\u011fi ve parlak ta\u015flar\u0131 sayesinde hem g\u00fcnl\u00fck kullan\u0131ma hem de \u00f6zel davetlere uyum sa\u011flar. Kendinize veya sevdiklerinize zarif bir hediye olarak tercih edebilece\u011finiz bu kolye, her an\u0131n\u0131zda stilinizi yans\u0131t\u0131r.<\/p>","protected":false},"featured_media":5423,"template":"","meta":[],"pwb-brand":[],"product_brand":[],"product_cat":[214],"product_tag":[312],"class_list":{"0":"post-5422","1":"product","2":"type-product","3":"status-publish","4":"has-post-thumbnail","6":"product_cat-kolye","7":"product_tag-baget-urunler","9":"first","10":"instock","11":"taxable","12":"shipping-taxable","13":"purchasable","14":"product-type-simple"},"brands":[],"_links":{"self":[{"href":"https:\/\/www.eleniscollection.com\/de\/wp-json\/wp\/v2\/product\/5422","targetHints":{"allow":["GET"]}}],"collection":[{"href":"https:\/\/www.eleniscollection.com\/de\/wp-json\/wp\/v2\/product"}],"about":[{"href":"https:\/\/www.eleniscollection.com\/de\/wp-json\/wp\/v2\/types\/product"}],"wp:featuredmedia":[{"embeddable":true,"href":"https:\/\/www.eleniscollection.com\/de\/wp-json\/wp\/v2\/media\/5423"}],"wp:attachment":[{"href":"https:\/\/www.eleniscollection.com\/de\/wp-json\/wp\/v2\/media?parent=5422"}],"wp:term":[{"taxonomy":"pwb-brand","embeddable":true,"href":"https:\/\/www.eleniscollection.com\/de\/wp-json\/wp\/v2\/pwb-brand?post=5422"},{"taxonomy":"product_brand","embeddable":true,"href":"https:\/\/www.eleniscollection.com\/de\/wp-json\/wp\/v2\/product_brand?post=5422"},{"taxonomy":"product_cat","embeddable":true,"href":"https:\/\/www.eleniscollection.com\/de\/wp-json\/wp\/v2\/product_cat?post=5422"},{"taxonomy":"product_tag","embeddable":true,"href":"https:\/\/www.eleniscollection.com\/de\/wp-json\/wp\/v2\/product_tag?post=5422"}],"curies":[{"name":"wp","href":"https:\/\/api.w.org\/{rel}","templated":true}]}}