{"id":5410,"date":"2025-02-19T18:09:07","date_gmt":"2025-02-19T18:09:07","guid":{"rendered":"https:\/\/www.eleniscollection.com\/?post_type=product&#038;p=5410"},"modified":"2026-01-29T04:36:52","modified_gmt":"2026-01-29T04:36:52","slug":"melek-kanatli-gumus-kolye","status":"publish","type":"product","link":"https:\/\/www.eleniscollection.com\/de\/melek-kanatli-gumus-kolye\/","title":{"rendered":"Silberne Halskette mit Engelsfl\u00fcgeln"},"content":{"rendered":"<p>I\u015f\u0131lt\u0131l\u0131 ta\u015flarla s\u00fcslenmi\u015f melek kanatlar\u0131 tasar\u0131m\u0131yla bu kolye, \u00f6zg\u00fcrl\u00fc\u011f\u00fcn ve zarafetin m\u00fckemmel bir yans\u0131mas\u0131d\u0131r. Kanatlar\u0131n detayl\u0131 i\u015f\u00e7ili\u011fi ve alt k\u0131sm\u0131ndaki ince dokunu\u015f, kolyeye modern ve sofistike bir hava kat\u0131yor. G\u00fcnl\u00fck stilinize zarif bir dokunu\u015f katmak veya \u00f6zel anlar\u0131n\u0131zda parlamak i\u00e7in ideal bir se\u00e7imdir.<\/p>","protected":false},"excerpt":{"rendered":"<p>I\u015f\u0131lt\u0131l\u0131 ta\u015flarla s\u00fcslenmi\u015f melek kanatlar\u0131 tasar\u0131m\u0131yla bu kolye, \u00f6zg\u00fcrl\u00fc\u011f\u00fcn ve zarafetin m\u00fckemmel bir yans\u0131mas\u0131d\u0131r. Kanatlar\u0131n detayl\u0131 i\u015f\u00e7ili\u011fi ve alt k\u0131sm\u0131ndaki ince dokunu\u015f, kolyeye modern ve sofistike bir hava kat\u0131yor. G\u00fcnl\u00fck stilinize zarif bir dokunu\u015f katmak veya \u00f6zel anlar\u0131n\u0131zda parlamak i\u00e7in ideal bir se\u00e7imdir.<\/p>","protected":false},"featured_media":5411,"template":"","meta":[],"pwb-brand":[],"product_brand":[],"product_cat":[214],"product_tag":[],"class_list":{"0":"post-5410","1":"product","2":"type-product","3":"status-publish","4":"has-post-thumbnail","6":"product_cat-kolye","8":"first","9":"instock","10":"taxable","11":"shipping-taxable","12":"purchasable","13":"product-type-simple"},"brands":[],"_links":{"self":[{"href":"https:\/\/www.eleniscollection.com\/de\/wp-json\/wp\/v2\/product\/5410","targetHints":{"allow":["GET"]}}],"collection":[{"href":"https:\/\/www.eleniscollection.com\/de\/wp-json\/wp\/v2\/product"}],"about":[{"href":"https:\/\/www.eleniscollection.com\/de\/wp-json\/wp\/v2\/types\/product"}],"wp:featuredmedia":[{"embeddable":true,"href":"https:\/\/www.eleniscollection.com\/de\/wp-json\/wp\/v2\/media\/5411"}],"wp:attachment":[{"href":"https:\/\/www.eleniscollection.com\/de\/wp-json\/wp\/v2\/media?parent=5410"}],"wp:term":[{"taxonomy":"pwb-brand","embeddable":true,"href":"https:\/\/www.eleniscollection.com\/de\/wp-json\/wp\/v2\/pwb-brand?post=5410"},{"taxonomy":"product_brand","embeddable":true,"href":"https:\/\/www.eleniscollection.com\/de\/wp-json\/wp\/v2\/product_brand?post=5410"},{"taxonomy":"product_cat","embeddable":true,"href":"https:\/\/www.eleniscollection.com\/de\/wp-json\/wp\/v2\/product_cat?post=5410"},{"taxonomy":"product_tag","embeddable":true,"href":"https:\/\/www.eleniscollection.com\/de\/wp-json\/wp\/v2\/product_tag?post=5410"}],"curies":[{"name":"wp","href":"https:\/\/api.w.org\/{rel}","templated":true}]}}