{"id":5390,"date":"2025-02-19T17:49:26","date_gmt":"2025-02-19T17:49:26","guid":{"rendered":"https:\/\/www.eleniscollection.com\/?post_type=product&#038;p=5390"},"modified":"2026-01-29T04:42:23","modified_gmt":"2026-01-29T04:42:23","slug":"pembe-tasli-lotus-cicegi-gumus-kolye","status":"publish","type":"product","link":"https:\/\/www.eleniscollection.com\/de\/pembe-tasli-lotus-cicegi-gumus-kolye\/","title":{"rendered":"Lotusblume Silberhalskette mit rosa Stein"},"content":{"rendered":"<p>Pembe ta\u015flarla s\u00fcslenmi\u015f lotus \u00e7i\u00e7e\u011fi tasar\u0131m\u0131, bu kolyeye romantik ve zarif bir hava kat\u0131yor. Her bir yapra\u011f\u0131ndaki damla kesim ta\u015flar, kolyeye \u0131\u015f\u0131lt\u0131l\u0131 bir g\u00f6r\u00fcn\u00fcm kazand\u0131r\u0131rken, merkezdeki parlak ta\u015f tasar\u0131m\u0131 tamaml\u0131yor. G\u00fcnl\u00fck stilinize ince bir dokunu\u015f katmak ve \u00f6zel anlar\u0131n\u0131z\u0131 ta\u00e7land\u0131rmak i\u00e7in ideal bir se\u00e7imdir.<\/p>","protected":false},"excerpt":{"rendered":"<p>Pembe ta\u015flarla s\u00fcslenmi\u015f lotus \u00e7i\u00e7e\u011fi tasar\u0131m\u0131, bu kolyeye romantik ve zarif bir hava kat\u0131yor. Her bir yapra\u011f\u0131ndaki damla kesim ta\u015flar, kolyeye \u0131\u015f\u0131lt\u0131l\u0131 bir g\u00f6r\u00fcn\u00fcm kazand\u0131r\u0131rken, merkezdeki parlak ta\u015f tasar\u0131m\u0131 tamaml\u0131yor. G\u00fcnl\u00fck stilinize ince bir dokunu\u015f katmak ve \u00f6zel anlar\u0131n\u0131z\u0131 ta\u00e7land\u0131rmak i\u00e7in ideal bir se\u00e7imdir.<\/p>","protected":false},"featured_media":5392,"template":"","meta":[],"pwb-brand":[],"product_brand":[],"product_cat":[214],"product_tag":[],"class_list":{"0":"post-5390","1":"product","2":"type-product","3":"status-publish","4":"has-post-thumbnail","6":"product_cat-kolye","8":"first","9":"instock","10":"taxable","11":"shipping-taxable","12":"purchasable","13":"product-type-simple"},"brands":[],"_links":{"self":[{"href":"https:\/\/www.eleniscollection.com\/de\/wp-json\/wp\/v2\/product\/5390","targetHints":{"allow":["GET"]}}],"collection":[{"href":"https:\/\/www.eleniscollection.com\/de\/wp-json\/wp\/v2\/product"}],"about":[{"href":"https:\/\/www.eleniscollection.com\/de\/wp-json\/wp\/v2\/types\/product"}],"wp:featuredmedia":[{"embeddable":true,"href":"https:\/\/www.eleniscollection.com\/de\/wp-json\/wp\/v2\/media\/5392"}],"wp:attachment":[{"href":"https:\/\/www.eleniscollection.com\/de\/wp-json\/wp\/v2\/media?parent=5390"}],"wp:term":[{"taxonomy":"pwb-brand","embeddable":true,"href":"https:\/\/www.eleniscollection.com\/de\/wp-json\/wp\/v2\/pwb-brand?post=5390"},{"taxonomy":"product_brand","embeddable":true,"href":"https:\/\/www.eleniscollection.com\/de\/wp-json\/wp\/v2\/product_brand?post=5390"},{"taxonomy":"product_cat","embeddable":true,"href":"https:\/\/www.eleniscollection.com\/de\/wp-json\/wp\/v2\/product_cat?post=5390"},{"taxonomy":"product_tag","embeddable":true,"href":"https:\/\/www.eleniscollection.com\/de\/wp-json\/wp\/v2\/product_tag?post=5390"}],"curies":[{"name":"wp","href":"https:\/\/api.w.org\/{rel}","templated":true}]}}